{"id":189,"date":"2017-09-15T16:14:00","date_gmt":"2017-09-15T16:14:00","guid":{"rendered":"http:\/\/www.itpuntostore.it\/?page_id=189"},"modified":"2017-10-06T14:42:19","modified_gmt":"2017-10-06T14:42:19","slug":"software-gestionale-diamante","status":"publish","type":"page","link":"https:\/\/www.itpuntostore.it\/itstore\/software-gestionale-diamante\/","title":{"rendered":"Software gestionale"},"content":{"rendered":"<div class=\"wpb-content-wrapper\"><p>[vc_row margin_bottom=&#8221;50px&#8221; padding_bottom=&#8221;20px&#8221; padding_top=&#8221;50px&#8221;][vc_column width=&#8221;1\/2&#8243;][vc_column_text]Ogni attivit\u00e0 ha caratteristiche proprie e differenti esigenze gestionali: per questo motivo esistono diversi software commerciali dedicati alle pi\u00f9 comuni attivit\u00e0 di gestione della piccola e media impresa che di solito rappresentano soluzioni adeguate per una gestione semplice della propria attivit\u00e0.[\/vc_column_text][\/vc_column][vc_column width=&#8221;1\/2&#8243;][vc_column_text]Per esigenze specifiche per\u00f2 non sempre basta affidarsi ai comuni software commerciali, per cui si deve ricorrere ad un software personalizzato che corrisponda esattamente alle proprie necessit\u00e0. Si tratta di soluzioni flessibili realizzate &#8220;su misura&#8221; che permettono di gestire il proprio flusso di lavoro con estrema semplicit\u00e0.[\/vc_column_text][\/vc_column][\/vc_row][vc_row flex_height=&#8221;yes&#8221; bg_type=&#8221;color&#8221; margin_bottom=&#8221;50px&#8221; padding_bottom=&#8221;70px&#8221; padding_top=&#8221;70px&#8221; bg_color=&#8221;#f4f4f4&#8243;][vc_column width=&#8221;1\/2&#8243;]<h4 class=\"grve-element grve-align-left grve-title-no-line grve-h4\" style=\"\"><span>Software Gestionale Diamante<\/span><\/h4>[vc_column_text]Ci occupiamo della vendita e configurazione di software ERP adatto alla gestione delle attivit\u00e0 della piccola impresa, con la possibilit\u00e0 di personalizzare le stampe dei documenti in base alle proprie necessit\u00e0. Siamo rivenditori ufficiali di\u00a0Fatturiamo.it,\u00a0Fox One e\u00a0Diamante Professional.[\/vc_column_text][\/vc_column][vc_column width=&#8221;1\/2&#8243;]<h4 class=\"grve-element grve-align-left grve-title-no-line grve-h4\" style=\"\"><span>Software Personalizzato<\/span><\/h4>[vc_column_text]Realizziamo software su misura calibrati sulle reali funzioni che il cliente intende automatizzare per ottenere la massima semplicit\u00e0 d\u2019uso ed un elevato livello di personalizzazione: si ha cos\u00ec la certezza di raggiungere il proprio scopo con la massima precisione e con il minor sforzo, aumentando quindi la produttivit\u00e0 lavorativa.[\/vc_column_text][\/vc_column][\/vc_row][vc_row middle_content=&#8221;yes&#8221; padding_top=&#8221;50&#8243; padding_bottom=&#8221;50&#8243;][vc_column]<div class=\"grve-element grve-image grve-animated-item grve-fadeInDown grve-align-center\" style=\"\" data-delay=\"200\"><img loading=\"lazy\" decoding=\"async\" width=\"250\" height=\"113\" src=\"https:\/\/www.itpuntostore.it\/itstore\/wp-content\/uploads\/2017\/09\/Partner-Diamante.png\" class=\"attachment-full size-full\" alt=\"Partner Diamante Soluzioni Gestionali\" srcset=\"https:\/\/www.itpuntostore.it\/itstore\/wp-content\/uploads\/2017\/09\/Partner-Diamante.png 1x,https:\/\/www.itpuntostore.it\/itstore\/wp-content\/uploads\/2017\/09\/Partner-Diamante-Retina.png 2x\" \/><\/div>[vc_column_text]<\/p>\n<p style=\"text-align: center;\">Partner\u00a0Diamante Soluzioni Gestionali<\/p>\n<p>[\/vc_column_text][\/vc_column][\/vc_row][vc_row footer_feature=&#8221;yes&#8221;][vc_column][vc_column_text]<div class=\"wpb-content-wrapper\"><p>[vc_row heading_color=&#8221;light&#8221; middle_content=&#8221;yes&#8221; bg_type=&#8221;color&#8221; footer_feature=&#8221;yes&#8221; bg_color=&#8221;#00a4db&#8221; padding_top=&#8221;100&#8243; padding_bottom=&#8221;150&#8243; font_color=&#8221;#ffffff&#8221;][vc_column width=&#8221;1\/3&#8243;]<div class=\"grve-element grve-box-icon grve-align-center grve-animated-item grve-fadeInDown\" style=\"\" data-delay=\"200\">  <div class=\"grve-icon grve-small grve-outline grve-square grve-color-white fa fa-phone\"><\/div><\/div>[vc_column_text]<\/p>\n<p style=\"text-align: center;\"><a href=\"tel:0586635198\">0586.635198<\/a><\/p>\n<p>[\/vc_column_text]<div class=\"grve-element grve-align-center\"><a class=\"grve-btn grve-btn-small grve-square grve-white-color grve-btn-line\" href=\"tel:0586635151\" target=\"_self\" style=\"\"><span>Chiama<\/span><\/a><\/div>[\/vc_column][vc_column width=&#8221;1\/3&#8243;]<div class=\"grve-element grve-image grve-align-center\" style=\"\"><img loading=\"lazy\" decoding=\"async\" width=\"125\" height=\"36\" src=\"https:\/\/www.itpuntostore.it\/itstore\/wp-content\/uploads\/2017\/02\/It-Store-Bianco.png\" class=\"attachment-full size-full\" alt=\"It Punto Store\" srcset=\"https:\/\/www.itpuntostore.it\/itstore\/wp-content\/uploads\/2017\/02\/It-Store-Bianco.png 1x,https:\/\/www.itpuntostore.it\/itstore\/wp-content\/uploads\/2017\/02\/It-Store-Bianco-Retina.png 2x\" \/><\/div>[\/vc_column][vc_column width=&#8221;1\/3&#8243;]<div class=\"grve-element grve-box-icon grve-align-center grve-animated-item grve-fadeInDown\" style=\"\" data-delay=\"200\">  <div class=\"grve-icon grve-small grve-outline grve-square grve-color-white fa fa-envelope-o\"><\/div><\/div>[vc_column_text]<\/p>\n<p style=\"text-align: center;\"><a href=\"mailto:info@itpuntostore.it\">info@itpuntostore.it<\/a><\/p>\n<p>[\/vc_column_text]<div class=\"grve-element grve-align-center\"><a class=\"grve-btn grve-btn-small grve-square grve-white-color grve-btn-line\" href=\"mailto:info@itpuntostore.it\" target=\"_self\" style=\"\"><span>Invia una email<\/span><\/a><\/div>[\/vc_column][\/vc_row]<\/p>\n<\/div>[\/vc_column_text][\/vc_column][\/vc_row]<\/p>\n<\/div>","protected":false},"excerpt":{"rendered":"<p>[vc_row margin_bottom=&#8221;50px&#8221; padding_bottom=&#8221;20px&#8221; padding_top=&#8221;50px&#8221;][vc_column width=&#8221;1\/2&#8243;][vc_column_text]Ogni attivit\u00e0 ha caratteristiche proprie e differenti esigenze gestionali: per questo motivo esistono diversi software commerciali dedicati alle pi\u00f9 comuni attivit\u00e0 di gestione della piccola e media impresa che di solito rappresentano soluzioni adeguate per una gestione semplice della propria attivit\u00e0.[\/vc_column_text][\/vc_column][vc_column width=&#8221;1\/2&#8243;][vc_column_text]Per esigenze specifiche per\u00f2 non sempre basta affidarsi ai comuni [&hellip;]<\/p>\n","protected":false},"author":1,"featured_media":0,"parent":0,"menu_order":0,"comment_status":"closed","ping_status":"closed","template":"","meta":{"footnotes":""},"class_list":["post-189","page","type-page","status-publish","hentry"],"yoast_head":"<!-- This site is optimized with the Yoast SEO plugin v27.3 - https:\/\/yoast.com\/product\/yoast-seo-wordpress\/ -->\n<title>Rivenditori Ufficiali Software Gestionale Diamante Cecina Livorno Toscana<\/title>\n<meta name=\"description\" content=\"Vendita e configurazione di software ERP per la piccola media impresa. Siamo rivenditori ufficiali Diamante: Fatturiamo.it, Fox One e Diamante Professional.\" \/>\n<meta name=\"robots\" content=\"index, follow, max-snippet:-1, max-image-preview:large, max-video-preview:-1\" \/>\n<link rel=\"canonical\" href=\"https:\/\/www.itpuntostore.it\/itstore\/software-gestionale-diamante\/\" \/>\n<meta property=\"og:locale\" content=\"it_IT\" \/>\n<meta property=\"og:type\" content=\"article\" \/>\n<meta property=\"og:title\" content=\"Rivenditori Ufficiali Software Gestionale Diamante Cecina Livorno Toscana\" \/>\n<meta property=\"og:description\" content=\"Vendita e configurazione di software ERP per la piccola media impresa. Siamo rivenditori ufficiali Diamante: Fatturiamo.it, Fox One e Diamante Professional.\" \/>\n<meta property=\"og:url\" content=\"https:\/\/www.itpuntostore.it\/itstore\/software-gestionale-diamante\/\" \/>\n<meta property=\"og:site_name\" content=\"It Punto Store\" \/>\n<meta property=\"article:publisher\" content=\"https:\/\/www.facebook.com\/itstoresrl\/\" \/>\n<meta property=\"article:modified_time\" content=\"2017-10-06T14:42:19+00:00\" \/>\n<meta property=\"og:image\" content=\"https:\/\/www.itpuntostore.it\/itstore\/wp-content\/uploads\/2017\/02\/It-Store-Cecina-01.jpg\" \/>\n\t<meta property=\"og:image:width\" content=\"1280\" \/>\n\t<meta property=\"og:image:height\" content=\"800\" \/>\n\t<meta property=\"og:image:type\" content=\"image\/jpeg\" \/>\n<meta name=\"twitter:card\" content=\"summary_large_image\" \/>\n<meta name=\"twitter:label1\" content=\"Tempo di lettura stimato\" \/>\n\t<meta name=\"twitter:data1\" content=\"2 minuti\" \/>\n<script type=\"application\/ld+json\" class=\"yoast-schema-graph\">{\"@context\":\"https:\\\/\\\/schema.org\",\"@graph\":[{\"@type\":\"WebPage\",\"@id\":\"https:\\\/\\\/www.itpuntostore.it\\\/itstore\\\/software-gestionale-diamante\\\/\",\"url\":\"https:\\\/\\\/www.itpuntostore.it\\\/itstore\\\/software-gestionale-diamante\\\/\",\"name\":\"Rivenditori Ufficiali Software Gestionale Diamante Cecina Livorno Toscana\",\"isPartOf\":{\"@id\":\"https:\\\/\\\/www.itpuntostore.it\\\/itstore\\\/#website\"},\"datePublished\":\"2017-09-15T16:14:00+00:00\",\"dateModified\":\"2017-10-06T14:42:19+00:00\",\"description\":\"Vendita e configurazione di software ERP per la piccola media impresa. Siamo rivenditori ufficiali Diamante: Fatturiamo.it, Fox One e Diamante Professional.\",\"breadcrumb\":{\"@id\":\"https:\\\/\\\/www.itpuntostore.it\\\/itstore\\\/software-gestionale-diamante\\\/#breadcrumb\"},\"inLanguage\":\"it-IT\",\"potentialAction\":[{\"@type\":\"ReadAction\",\"target\":[\"https:\\\/\\\/www.itpuntostore.it\\\/itstore\\\/software-gestionale-diamante\\\/\"]}]},{\"@type\":\"BreadcrumbList\",\"@id\":\"https:\\\/\\\/www.itpuntostore.it\\\/itstore\\\/software-gestionale-diamante\\\/#breadcrumb\",\"itemListElement\":[{\"@type\":\"ListItem\",\"position\":1,\"name\":\"Home\",\"item\":\"https:\\\/\\\/www.itpuntostore.it\\\/itstore\\\/\"},{\"@type\":\"ListItem\",\"position\":2,\"name\":\"Software gestionale\"}]},{\"@type\":\"WebSite\",\"@id\":\"https:\\\/\\\/www.itpuntostore.it\\\/itstore\\\/#website\",\"url\":\"https:\\\/\\\/www.itpuntostore.it\\\/itstore\\\/\",\"name\":\"It Punto Store\",\"description\":\"Cecina\",\"potentialAction\":[{\"@type\":\"SearchAction\",\"target\":{\"@type\":\"EntryPoint\",\"urlTemplate\":\"https:\\\/\\\/www.itpuntostore.it\\\/itstore\\\/?s={search_term_string}\"},\"query-input\":{\"@type\":\"PropertyValueSpecification\",\"valueRequired\":true,\"valueName\":\"search_term_string\"}}],\"inLanguage\":\"it-IT\"}]}<\/script>\n<!-- \/ Yoast SEO plugin. -->","yoast_head_json":{"title":"Rivenditori Ufficiali Software Gestionale Diamante Cecina Livorno Toscana","description":"Vendita e configurazione di software ERP per la piccola media impresa. Siamo rivenditori ufficiali Diamante: Fatturiamo.it, Fox One e Diamante Professional.","robots":{"index":"index","follow":"follow","max-snippet":"max-snippet:-1","max-image-preview":"max-image-preview:large","max-video-preview":"max-video-preview:-1"},"canonical":"https:\/\/www.itpuntostore.it\/itstore\/software-gestionale-diamante\/","og_locale":"it_IT","og_type":"article","og_title":"Rivenditori Ufficiali Software Gestionale Diamante Cecina Livorno Toscana","og_description":"Vendita e configurazione di software ERP per la piccola media impresa. Siamo rivenditori ufficiali Diamante: Fatturiamo.it, Fox One e Diamante Professional.","og_url":"https:\/\/www.itpuntostore.it\/itstore\/software-gestionale-diamante\/","og_site_name":"It Punto Store","article_publisher":"https:\/\/www.facebook.com\/itstoresrl\/","article_modified_time":"2017-10-06T14:42:19+00:00","og_image":[{"width":1280,"height":800,"url":"https:\/\/www.itpuntostore.it\/itstore\/wp-content\/uploads\/2017\/02\/It-Store-Cecina-01.jpg","type":"image\/jpeg"}],"twitter_card":"summary_large_image","twitter_misc":{"Tempo di lettura stimato":"2 minuti"},"schema":{"@context":"https:\/\/schema.org","@graph":[{"@type":"WebPage","@id":"https:\/\/www.itpuntostore.it\/itstore\/software-gestionale-diamante\/","url":"https:\/\/www.itpuntostore.it\/itstore\/software-gestionale-diamante\/","name":"Rivenditori Ufficiali Software Gestionale Diamante Cecina Livorno Toscana","isPartOf":{"@id":"https:\/\/www.itpuntostore.it\/itstore\/#website"},"datePublished":"2017-09-15T16:14:00+00:00","dateModified":"2017-10-06T14:42:19+00:00","description":"Vendita e configurazione di software ERP per la piccola media impresa. Siamo rivenditori ufficiali Diamante: Fatturiamo.it, Fox One e Diamante Professional.","breadcrumb":{"@id":"https:\/\/www.itpuntostore.it\/itstore\/software-gestionale-diamante\/#breadcrumb"},"inLanguage":"it-IT","potentialAction":[{"@type":"ReadAction","target":["https:\/\/www.itpuntostore.it\/itstore\/software-gestionale-diamante\/"]}]},{"@type":"BreadcrumbList","@id":"https:\/\/www.itpuntostore.it\/itstore\/software-gestionale-diamante\/#breadcrumb","itemListElement":[{"@type":"ListItem","position":1,"name":"Home","item":"https:\/\/www.itpuntostore.it\/itstore\/"},{"@type":"ListItem","position":2,"name":"Software gestionale"}]},{"@type":"WebSite","@id":"https:\/\/www.itpuntostore.it\/itstore\/#website","url":"https:\/\/www.itpuntostore.it\/itstore\/","name":"It Punto Store","description":"Cecina","potentialAction":[{"@type":"SearchAction","target":{"@type":"EntryPoint","urlTemplate":"https:\/\/www.itpuntostore.it\/itstore\/?s={search_term_string}"},"query-input":{"@type":"PropertyValueSpecification","valueRequired":true,"valueName":"search_term_string"}}],"inLanguage":"it-IT"}]}},"_links":{"self":[{"href":"https:\/\/www.itpuntostore.it\/itstore\/wp-json\/wp\/v2\/pages\/189","targetHints":{"allow":["GET"]}}],"collection":[{"href":"https:\/\/www.itpuntostore.it\/itstore\/wp-json\/wp\/v2\/pages"}],"about":[{"href":"https:\/\/www.itpuntostore.it\/itstore\/wp-json\/wp\/v2\/types\/page"}],"author":[{"embeddable":true,"href":"https:\/\/www.itpuntostore.it\/itstore\/wp-json\/wp\/v2\/users\/1"}],"replies":[{"embeddable":true,"href":"https:\/\/www.itpuntostore.it\/itstore\/wp-json\/wp\/v2\/comments?post=189"}],"version-history":[{"count":5,"href":"https:\/\/www.itpuntostore.it\/itstore\/wp-json\/wp\/v2\/pages\/189\/revisions"}],"predecessor-version":[{"id":199,"href":"https:\/\/www.itpuntostore.it\/itstore\/wp-json\/wp\/v2\/pages\/189\/revisions\/199"}],"wp:attachment":[{"href":"https:\/\/www.itpuntostore.it\/itstore\/wp-json\/wp\/v2\/media?parent=189"}],"curies":[{"name":"wp","href":"https:\/\/api.w.org\/{rel}","templated":true}]}}